{"id":748,"date":"2023-05-31T09:59:29","date_gmt":"2023-05-31T09:59:29","guid":{"rendered":"https:\/\/lalambeauty.com.mx\/?page_id=748"},"modified":"2025-10-30T16:29:47","modified_gmt":"2025-10-30T22:29:47","slug":"masajes","status":"publish","type":"page","link":"https:\/\/lalambeauty.com.mx\/?page_id=748","title":{"rendered":"Masajes"},"content":{"rendered":"\t\t<div data-elementor-type=\"wp-page\" data-elementor-id=\"748\" class=\"elementor elementor-748\" data-elementor-post-type=\"page\">\n\t\t\t\t\t\t<section class=\"elementor-section elementor-top-section elementor-element elementor-element-7c1ccd0 elementor-section-boxed elementor-section-height-default elementor-section-height-default\" data-id=\"7c1ccd0\" data-element_type=\"section\" data-e-type=\"section\" data-settings=\"{&quot;wdt_bg_image&quot;:{&quot;url&quot;:&quot;&quot;,&quot;id&quot;:&quot;&quot;,&quot;size&quot;:&quot;&quot;},&quot;wdt_bg_image_widescreen&quot;:{&quot;url&quot;:&quot;&quot;,&quot;id&quot;:&quot;&quot;,&quot;size&quot;:&quot;&quot;},&quot;wdt_bg_image_laptop&quot;:{&quot;url&quot;:&quot;&quot;,&quot;id&quot;:&quot;&quot;,&quot;size&quot;:&quot;&quot;},&quot;wdt_bg_image_tablet_extra&quot;:{&quot;url&quot;:&quot;&quot;,&quot;id&quot;:&quot;&quot;,&quot;size&quot;:&quot;&quot;},&quot;wdt_bg_image_tablet&quot;:{&quot;url&quot;:&quot;&quot;,&quot;id&quot;:&quot;&quot;,&quot;size&quot;:&quot;&quot;},&quot;wdt_bg_image_mobile_extra&quot;:{&quot;url&quot;:&quot;&quot;,&quot;id&quot;:&quot;&quot;,&quot;size&quot;:&quot;&quot;},&quot;wdt_bg_image_mobile&quot;:{&quot;url&quot;:&quot;&quot;,&quot;id&quot;:&quot;&quot;,&quot;size&quot;:&quot;&quot;},&quot;wdt_bg_position&quot;:&quot;center center&quot;,&quot;wdt_animation_effect&quot;:&quot;none&quot;}\">\n\t\t\t\t\t\t<div class=\"elementor-container elementor-column-gap-default\">\n\t\t\t\t\t<div class=\"elementor-column elementor-col-50 elementor-top-column elementor-element elementor-element-880910b\" data-id=\"880910b\" data-element_type=\"column\" data-e-type=\"column\">\n\t\t\t<div class=\"elementor-widget-wrap elementor-element-populated\">\n\t\t\t\t\t\t<div class=\"elementor-element elementor-element-7ca38d5 elementor-widget elementor-widget-image\" data-id=\"7ca38d5\" data-element_type=\"widget\" data-e-type=\"widget\" data-settings=\"{&quot;wdt_animation_effect&quot;:&quot;none&quot;}\" data-widget_type=\"image.default\">\n\t\t\t\t<div class=\"elementor-widget-container\">\n\t\t\t\t\t\t\t\t\t\t\t\t\t\t\t<img fetchpriority=\"high\" decoding=\"async\" width=\"1024\" height=\"681\" src=\"https:\/\/lalambeauty.com.mx\/wp-content\/uploads\/2024\/04\/reductivo_s-web-1024x681.jpg\" class=\"attachment-large size-large wp-image-2146\" alt=\"\" srcset=\"https:\/\/lalambeauty.com.mx\/wp-content\/uploads\/2024\/04\/reductivo_s-web-1024x681.jpg 1024w, https:\/\/lalambeauty.com.mx\/wp-content\/uploads\/2024\/04\/reductivo_s-web-300x200.jpg 300w, https:\/\/lalambeauty.com.mx\/wp-content\/uploads\/2024\/04\/reductivo_s-web-768x511.jpg 768w, https:\/\/lalambeauty.com.mx\/wp-content\/uploads\/2024\/04\/reductivo_s-web-1000x665.jpg 1000w, https:\/\/lalambeauty.com.mx\/wp-content\/uploads\/2024\/04\/reductivo_s-web.jpg 1200w\" sizes=\"(max-width: 1024px) 100vw, 1024px\" \/>\t\t\t\t\t\t\t\t\t\t\t\t\t\t\t<\/div>\n\t\t\t\t<\/div>\n\t\t\t\t<div class=\"elementor-element elementor-element-fe097f2 elementor-widget elementor-widget-text-editor\" data-id=\"fe097f2\" data-element_type=\"widget\" data-e-type=\"widget\" data-settings=\"{&quot;wdt_animation_effect&quot;:&quot;none&quot;}\" data-widget_type=\"text-editor.default\">\n\t\t\t\t<div class=\"elementor-widget-container\">\n\t\t\t\t\t\t\t\t\t<h4>Masajes reductivos<\/h4><p><strong>\u00bfEst\u00e1s lista para reducir tallas?\u00a0<\/strong><\/p><p>\ud83d\udc59 SORPRENDETE con nuestros tratamientos REDUCTIVOS\u00a0<\/p><p>\u2705 Logra un abdomen plano.\u00a0<\/p><p>\u2705 Reduce tallas desde la primera sesi\u00f3n.\u00a0<\/p><p>\u2705 Atr\u00e9vete a adelgazar y tonificar tu cuerpo.\u00a0<\/p><p>\u2705 Eliminamos toxinas y l\u00edquidos.\u00a0<\/p><p>\u2705 Reduce celulitis<\/p><p>\u00a0\u2705 Dile adi\u00f3s a la flacidez<\/p><p>\u00a1Resultados visibles desde la primera sesi\u00f3n!<\/p>\t\t\t\t\t\t\t\t<\/div>\n\t\t\t\t<\/div>\n\t\t\t\t<div class=\"elementor-element elementor-element-f8250ac elementor-widget elementor-widget-spacer\" data-id=\"f8250ac\" data-element_type=\"widget\" data-e-type=\"widget\" data-settings=\"{&quot;wdt_animation_effect&quot;:&quot;none&quot;}\" data-widget_type=\"spacer.default\">\n\t\t\t\t<div class=\"elementor-widget-container\">\n\t\t\t\t\t\t\t<div class=\"elementor-spacer\">\n\t\t\t<div class=\"elementor-spacer-inner\"><\/div>\n\t\t<\/div>\n\t\t\t\t\t\t<\/div>\n\t\t\t\t<\/div>\n\t\t\t\t\t<\/div>\n\t\t<\/div>\n\t\t\t\t<div class=\"elementor-column elementor-col-50 elementor-top-column elementor-element elementor-element-8e20f33\" data-id=\"8e20f33\" data-element_type=\"column\" data-e-type=\"column\">\n\t\t\t<div class=\"elementor-widget-wrap elementor-element-populated\">\n\t\t\t\t\t\t<div class=\"elementor-element elementor-element-145bfd9 elementor-widget elementor-widget-image\" data-id=\"145bfd9\" data-element_type=\"widget\" data-e-type=\"widget\" data-settings=\"{&quot;wdt_animation_effect&quot;:&quot;none&quot;}\" data-widget_type=\"image.default\">\n\t\t\t\t<div class=\"elementor-widget-container\">\n\t\t\t\t\t\t\t\t\t\t\t\t\t\t\t<img decoding=\"async\" width=\"1024\" height=\"683\" src=\"https:\/\/lalambeauty.com.mx\/wp-content\/uploads\/2024\/04\/holistico_s-web-1024x683.jpg\" class=\"attachment-large size-large wp-image-2145\" alt=\"\" srcset=\"https:\/\/lalambeauty.com.mx\/wp-content\/uploads\/2024\/04\/holistico_s-web-1024x683.jpg 1024w, https:\/\/lalambeauty.com.mx\/wp-content\/uploads\/2024\/04\/holistico_s-web-300x200.jpg 300w, https:\/\/lalambeauty.com.mx\/wp-content\/uploads\/2024\/04\/holistico_s-web-768x512.jpg 768w, https:\/\/lalambeauty.com.mx\/wp-content\/uploads\/2024\/04\/holistico_s-web-1000x667.jpg 1000w, https:\/\/lalambeauty.com.mx\/wp-content\/uploads\/2024\/04\/holistico_s-web.jpg 1200w\" sizes=\"(max-width: 1024px) 100vw, 1024px\" \/>\t\t\t\t\t\t\t\t\t\t\t\t\t\t\t<\/div>\n\t\t\t\t<\/div>\n\t\t\t\t<div class=\"elementor-element elementor-element-6f1b9e3 elementor-widget elementor-widget-text-editor\" data-id=\"6f1b9e3\" data-element_type=\"widget\" data-e-type=\"widget\" data-settings=\"{&quot;wdt_animation_effect&quot;:&quot;none&quot;}\" data-widget_type=\"text-editor.default\">\n\t\t\t\t<div class=\"elementor-widget-container\">\n\t\t\t\t\t\t\t\t\t<h4>Masajes hol\u00edstico<\/h4><p><b>Consiste en un conjunto de t\u00e9cnicas energ\u00e9ticas y manuales \ud83c\udf1f<\/b><\/p><p>\u00bfEst\u00e1s lista para probarlo?\u00a0<\/p><p>\u2705 Reduce la tensi\u00f3n, lleva el cuerpo y tu\u00a0 mente a un profundo estado de calma<\/p><p>\u2705 Aumenta el nivel de energ\u00eda<\/p><p>\u2705 Libera la rigidez muscular<\/p><p>\u2705 Relaja el sistema nervioso<\/p><p>\u2705 Ayuda a conciliar el sue\u00f1o<\/p>\t\t\t\t\t\t\t\t<\/div>\n\t\t\t\t<\/div>\n\t\t\t\t\t<\/div>\n\t\t<\/div>\n\t\t\t\t\t<\/div>\n\t\t<\/section>\n\t\t\t\t<section class=\"elementor-section elementor-top-section elementor-element elementor-element-0fafab0 elementor-section-boxed elementor-section-height-default elementor-section-height-default\" data-id=\"0fafab0\" data-element_type=\"section\" data-e-type=\"section\" data-settings=\"{&quot;background_background&quot;:&quot;gradient&quot;,&quot;wdt_bg_image&quot;:{&quot;url&quot;:&quot;&quot;,&quot;id&quot;:&quot;&quot;,&quot;size&quot;:&quot;&quot;},&quot;wdt_bg_image_widescreen&quot;:{&quot;url&quot;:&quot;&quot;,&quot;id&quot;:&quot;&quot;,&quot;size&quot;:&quot;&quot;},&quot;wdt_bg_image_laptop&quot;:{&quot;url&quot;:&quot;&quot;,&quot;id&quot;:&quot;&quot;,&quot;size&quot;:&quot;&quot;},&quot;wdt_bg_image_tablet_extra&quot;:{&quot;url&quot;:&quot;&quot;,&quot;id&quot;:&quot;&quot;,&quot;size&quot;:&quot;&quot;},&quot;wdt_bg_image_tablet&quot;:{&quot;url&quot;:&quot;&quot;,&quot;id&quot;:&quot;&quot;,&quot;size&quot;:&quot;&quot;},&quot;wdt_bg_image_mobile_extra&quot;:{&quot;url&quot;:&quot;&quot;,&quot;id&quot;:&quot;&quot;,&quot;size&quot;:&quot;&quot;},&quot;wdt_bg_image_mobile&quot;:{&quot;url&quot;:&quot;&quot;,&quot;id&quot;:&quot;&quot;,&quot;size&quot;:&quot;&quot;},&quot;wdt_bg_position&quot;:&quot;center center&quot;,&quot;wdt_animation_effect&quot;:&quot;none&quot;}\">\n\t\t\t\t\t\t<div class=\"elementor-container elementor-column-gap-default\">\n\t\t\t\t\t<div class=\"elementor-column elementor-col-100 elementor-top-column elementor-element elementor-element-1a51686\" data-id=\"1a51686\" data-element_type=\"column\" data-e-type=\"column\">\n\t\t\t<div class=\"elementor-widget-wrap elementor-element-populated\">\n\t\t\t\t\t\t<div class=\"elementor-element elementor-element-8709ef3 elementor-widget elementor-widget-text-editor\" data-id=\"8709ef3\" data-element_type=\"widget\" data-e-type=\"widget\" data-settings=\"{&quot;wdt_animation_effect&quot;:&quot;none&quot;}\" data-widget_type=\"text-editor.default\">\n\t\t\t\t<div class=\"elementor-widget-container\">\n\t\t\t\t\t\t\t\t\t<h3 class=\"wdt-heading-title-wrapper wdt-heading-align-center wdt-heading-deco-wrapper\"><span class=\"wdt-heading-title\">Ac\u00e9rcate a nosotros<\/span><\/h3><div class=\"wdt-heading-content-wrapper\">Escr\u00edbenos tus dudas y con gusto alguno de nuestros asesores te contactar\u00e1 lo m\u00e1s pronto posible.<\/div>\t\t\t\t\t\t\t\t<\/div>\n\t\t\t\t<\/div>\n\t\t\t\t<div class=\"elementor-element elementor-element-2e3fda5 center elementor-widget elementor-widget-wdt-button\" data-id=\"2e3fda5\" data-element_type=\"widget\" data-e-type=\"widget\" data-settings=\"{&quot;wdt_animation_effect&quot;:&quot;none&quot;}\" data-widget_type=\"wdt-button.default\">\n\t\t\t\t<div class=\"elementor-widget-container\">\n\t\t\t\t\t<div class=\"wdt-button-holder wdt-template-filled wdt-button-link wdt-button-style-underline wdt-button-size-sm wdt-animation- wdt-button-icon-after\" id=\"wdt-button-2e3fda5\"><a class=\"wdt-button\" href=\"https:\/\/lalambeauty.com.mx\/contacto\"><div class=\"wdt-button-text\"><span>CONTACTO<\/span><\/div><div class=\"wdt-button-icon\"><span><i aria-hidden=\"true\" class=\"far fa-paper-plane\"><\/i><\/span><\/div><\/a><\/div>\t\t\t\t<\/div>\n\t\t\t\t<\/div>\n\t\t\t\t\t<\/div>\n\t\t<\/div>\n\t\t\t\t\t<\/div>\n\t\t<\/section>\n\t\t\t\t<\/div>\n\t\t","protected":false},"excerpt":{"rendered":"<p>Masajes reductivos \u00bfEst\u00e1s lista para reducir tallas?\u00a0 \ud83d\udc59 SORPRENDETE con nuestros tratamientos REDUCTIVOS \u2705 Logra un abdomen plano. \u2705 Reduce tallas desde la primera sesi\u00f3n. \u2705 Atr\u00e9vete a adelgazar y tonificar tu cuerpo. \u2705 Eliminamos toxinas y l\u00edquidos. \u2705 Reduce celulitis \u2705 Dile adi\u00f3s a la flacidez \u00a1Resultados visibles desde la primera sesi\u00f3n! Masajes hol\u00edstico [&hellip;]<\/p>\n","protected":false},"author":2,"featured_media":0,"parent":651,"menu_order":5,"comment_status":"closed","ping_status":"closed","template":"tpl-side-nav.php","meta":{"_coblocks_attr":"","_coblocks_dimensions":"","_coblocks_responsive_height":"","_coblocks_accordion_ie_support":"","footnotes":""},"class_list":["post-748","page","type-page","status-publish","hentry"],"aioseo_notices":[],"_links":{"self":[{"href":"https:\/\/lalambeauty.com.mx\/index.php?rest_route=\/wp\/v2\/pages\/748","targetHints":{"allow":["GET"]}}],"collection":[{"href":"https:\/\/lalambeauty.com.mx\/index.php?rest_route=\/wp\/v2\/pages"}],"about":[{"href":"https:\/\/lalambeauty.com.mx\/index.php?rest_route=\/wp\/v2\/types\/page"}],"author":[{"embeddable":true,"href":"https:\/\/lalambeauty.com.mx\/index.php?rest_route=\/wp\/v2\/users\/2"}],"replies":[{"embeddable":true,"href":"https:\/\/lalambeauty.com.mx\/index.php?rest_route=%2Fwp%2Fv2%2Fcomments&post=748"}],"version-history":[{"count":0,"href":"https:\/\/lalambeauty.com.mx\/index.php?rest_route=\/wp\/v2\/pages\/748\/revisions"}],"up":[{"embeddable":true,"href":"https:\/\/lalambeauty.com.mx\/index.php?rest_route=\/wp\/v2\/pages\/651"}],"wp:attachment":[{"href":"https:\/\/lalambeauty.com.mx\/index.php?rest_route=%2Fwp%2Fv2%2Fmedia&parent=748"}],"curies":[{"name":"wp","href":"https:\/\/api.w.org\/{rel}","templated":true}]}}