{"id":744,"date":"2023-05-31T09:57:02","date_gmt":"2023-05-31T09:57:02","guid":{"rendered":"https:\/\/lalambeauty.com.mx\/?page_id=744"},"modified":"2025-10-30T16:18:14","modified_gmt":"2025-10-30T22:18:14","slug":"faciales","status":"publish","type":"page","link":"https:\/\/lalambeauty.com.mx\/?page_id=744","title":{"rendered":"Faciales"},"content":{"rendered":"\t\t<div data-elementor-type=\"wp-page\" data-elementor-id=\"744\" class=\"elementor elementor-744\" data-elementor-post-type=\"page\">\n\t\t\t\t\t\t<section class=\"elementor-section elementor-top-section elementor-element elementor-element-4040e19 elementor-section-full_width elementor-section-height-default elementor-section-height-default\" data-id=\"4040e19\" data-element_type=\"section\" data-e-type=\"section\" data-settings=\"{&quot;wdt_bg_image&quot;:{&quot;url&quot;:&quot;&quot;,&quot;id&quot;:&quot;&quot;,&quot;size&quot;:&quot;&quot;},&quot;wdt_bg_image_widescreen&quot;:{&quot;url&quot;:&quot;&quot;,&quot;id&quot;:&quot;&quot;,&quot;size&quot;:&quot;&quot;},&quot;wdt_bg_image_laptop&quot;:{&quot;url&quot;:&quot;&quot;,&quot;id&quot;:&quot;&quot;,&quot;size&quot;:&quot;&quot;},&quot;wdt_bg_image_tablet_extra&quot;:{&quot;url&quot;:&quot;&quot;,&quot;id&quot;:&quot;&quot;,&quot;size&quot;:&quot;&quot;},&quot;wdt_bg_image_tablet&quot;:{&quot;url&quot;:&quot;&quot;,&quot;id&quot;:&quot;&quot;,&quot;size&quot;:&quot;&quot;},&quot;wdt_bg_image_mobile_extra&quot;:{&quot;url&quot;:&quot;&quot;,&quot;id&quot;:&quot;&quot;,&quot;size&quot;:&quot;&quot;},&quot;wdt_bg_image_mobile&quot;:{&quot;url&quot;:&quot;&quot;,&quot;id&quot;:&quot;&quot;,&quot;size&quot;:&quot;&quot;},&quot;wdt_bg_position&quot;:&quot;center center&quot;,&quot;wdt_animation_effect&quot;:&quot;none&quot;}\">\n\t\t\t\t\t\t<div class=\"elementor-container elementor-column-gap-no\">\n\t\t\t\t\t<div class=\"elementor-column elementor-col-100 elementor-top-column elementor-element elementor-element-d5e4bb4\" data-id=\"d5e4bb4\" data-element_type=\"column\" data-e-type=\"column\">\n\t\t\t<div class=\"elementor-widget-wrap elementor-element-populated\">\n\t\t\t\t\t\t<section class=\"elementor-section elementor-inner-section elementor-element elementor-element-74116f6 elementor-section-full_width elementor-section-height-default elementor-section-height-default\" data-id=\"74116f6\" data-element_type=\"section\" data-e-type=\"section\" data-settings=\"{&quot;wdt_bg_image&quot;:{&quot;url&quot;:&quot;&quot;,&quot;id&quot;:&quot;&quot;,&quot;size&quot;:&quot;&quot;},&quot;wdt_bg_image_widescreen&quot;:{&quot;url&quot;:&quot;&quot;,&quot;id&quot;:&quot;&quot;,&quot;size&quot;:&quot;&quot;},&quot;wdt_bg_image_laptop&quot;:{&quot;url&quot;:&quot;&quot;,&quot;id&quot;:&quot;&quot;,&quot;size&quot;:&quot;&quot;},&quot;wdt_bg_image_tablet_extra&quot;:{&quot;url&quot;:&quot;&quot;,&quot;id&quot;:&quot;&quot;,&quot;size&quot;:&quot;&quot;},&quot;wdt_bg_image_tablet&quot;:{&quot;url&quot;:&quot;&quot;,&quot;id&quot;:&quot;&quot;,&quot;size&quot;:&quot;&quot;},&quot;wdt_bg_image_mobile_extra&quot;:{&quot;url&quot;:&quot;&quot;,&quot;id&quot;:&quot;&quot;,&quot;size&quot;:&quot;&quot;},&quot;wdt_bg_image_mobile&quot;:{&quot;url&quot;:&quot;&quot;,&quot;id&quot;:&quot;&quot;,&quot;size&quot;:&quot;&quot;},&quot;wdt_bg_position&quot;:&quot;center center&quot;,&quot;wdt_animation_effect&quot;:&quot;none&quot;}\">\n\t\t\t\t\t\t<div class=\"elementor-container elementor-column-gap-no\">\n\t\t\t\t\t<div class=\"elementor-column elementor-col-100 elementor-inner-column elementor-element elementor-element-4188403\" data-id=\"4188403\" data-element_type=\"column\" data-e-type=\"column\">\n\t\t\t<div class=\"elementor-widget-wrap elementor-element-populated\">\n\t\t\t\t\t\t<div class=\"elementor-element elementor-element-080d4ff elementor-widget elementor-widget-image\" data-id=\"080d4ff\" data-element_type=\"widget\" data-e-type=\"widget\" data-settings=\"{&quot;wdt_animation_effect&quot;:&quot;none&quot;}\" data-widget_type=\"image.default\">\n\t\t\t\t<div class=\"elementor-widget-container\">\n\t\t\t\t\t\t\t\t\t\t\t\t\t\t\t<img fetchpriority=\"high\" decoding=\"async\" width=\"1200\" height=\"800\" src=\"https:\/\/lalambeauty.com.mx\/wp-content\/uploads\/2024\/04\/Limpieza-facial22_web.jpg\" class=\"attachment-full size-full wp-image-1821\" alt=\"\" srcset=\"https:\/\/lalambeauty.com.mx\/wp-content\/uploads\/2024\/04\/Limpieza-facial22_web.jpg 1200w, https:\/\/lalambeauty.com.mx\/wp-content\/uploads\/2024\/04\/Limpieza-facial22_web-300x200.jpg 300w, https:\/\/lalambeauty.com.mx\/wp-content\/uploads\/2024\/04\/Limpieza-facial22_web-1024x683.jpg 1024w, https:\/\/lalambeauty.com.mx\/wp-content\/uploads\/2024\/04\/Limpieza-facial22_web-768x512.jpg 768w, https:\/\/lalambeauty.com.mx\/wp-content\/uploads\/2024\/04\/Limpieza-facial22_web-1000x667.jpg 1000w\" sizes=\"(max-width: 1200px) 100vw, 1200px\" \/>\t\t\t\t\t\t\t\t\t\t\t\t\t\t\t<\/div>\n\t\t\t\t<\/div>\n\t\t\t\t<div class=\"elementor-element elementor-element-a3f474a start elementor-widget elementor-widget-wdt-heading\" data-id=\"a3f474a\" data-element_type=\"widget\" data-e-type=\"widget\" data-settings=\"{&quot;wdt_animation_effect&quot;:&quot;none&quot;}\" data-widget_type=\"wdt-heading.default\">\n\t\t\t\t<div class=\"elementor-widget-container\">\n\t\t\t\t\t<div class=\"wdt-heading-holder \" id=\"wdt-heading-a3f474a\"><h4 class=\"wdt-heading-title-wrapper wdt-heading-align-center wdt-heading-deco-wrapper\"><span class=\"wdt-heading-title\">En Lalam Beauty Lab, comprendemos que cada piel es \u00fanica<\/span><\/h4><div class=\"wdt-heading-content-wrapper\">Por eso realizamos un an\u00e1lisis detallado para personalizar el tratamiento seg\u00fan tus necesidades d\u00e9rmicas. Prep\u00e1rate para sumergirte en una experiencia de cuidado de la piel completa y transformadora.\n<\/br><\/br>\nNuestros faciales comienzan con una limpieza profunda para eliminar impurezas y c\u00e9lulas muertas. A trav\u00e9s de la exfoliaci\u00f3n, vaporizaci\u00f3n y extracci\u00f3n de puntos negros y brotes, logramos una piel renovada y radiante. Utilizamos la avanzada t\u00e9cnica de microdermoabrasi\u00f3n y la estimulante alta frecuencia para potenciar los resultados y mejorar la apariencia de tu piel. Adem\u00e1s, nuestras ampolletas t\u00f3picas est\u00e1n dise\u00f1adas espec\u00edficamente para abordar las necesidades de tu tipo de piel, mientras que la aparatolog\u00eda de vanguardia se adapta a tus necesidades individuales.\n<\/br><\/br>\nCada facial incluye la aplicaci\u00f3n de mascarillas especializadas, y para finalizar, te brindamos un drenaje facial que te dejar\u00e1 una sensaci\u00f3n de relajaci\u00f3n absoluta. Tambi\u00e9n te proporcionamos los productos de cuidado adecuados, como gel, cremas de salida y protector solar, para mantener y prolongar los beneficios de tu Tratamiento.<\/div><\/div>\t\t\t\t<\/div>\n\t\t\t\t<\/div>\n\t\t\t\t<div class=\"elementor-element elementor-element-1b78af8 start elementor-widget elementor-widget-wdt-heading\" data-id=\"1b78af8\" data-element_type=\"widget\" data-e-type=\"widget\" data-settings=\"{&quot;wdt_animation_effect&quot;:&quot;none&quot;}\" data-widget_type=\"wdt-heading.default\">\n\t\t\t\t<div class=\"elementor-widget-container\">\n\t\t\t\t\t<div class=\"wdt-heading-holder \" id=\"wdt-heading-1b78af8\"><h4 class=\"wdt-heading-title-wrapper wdt-heading-align-center wdt-heading-deco-wrapper\"><span class=\"wdt-heading-title\">\u00a1Conf\u00eda en nuestros expertos para revelar tu luminosidad interior y realzar tu belleza natural! Tu piel merece recibir el mejor<\/span><\/h4><div class=\"wdt-heading-content-wrapper\">\u00a1Nuestro compromiso es brindarte una experiencia \u00fanica y resultados visibles!<\/div><\/div>\t\t\t\t<\/div>\n\t\t\t\t<\/div>\n\t\t\t\t\t<\/div>\n\t\t<\/div>\n\t\t\t\t\t<\/div>\n\t\t<\/section>\n\t\t\t\t<section class=\"elementor-section elementor-inner-section elementor-element elementor-element-f851569 elementor-section-full_width elementor-section-height-default elementor-section-height-default\" data-id=\"f851569\" data-element_type=\"section\" data-e-type=\"section\" data-settings=\"{&quot;wdt_bg_image&quot;:{&quot;url&quot;:&quot;&quot;,&quot;id&quot;:&quot;&quot;,&quot;size&quot;:&quot;&quot;},&quot;wdt_bg_image_widescreen&quot;:{&quot;url&quot;:&quot;&quot;,&quot;id&quot;:&quot;&quot;,&quot;size&quot;:&quot;&quot;},&quot;wdt_bg_image_laptop&quot;:{&quot;url&quot;:&quot;&quot;,&quot;id&quot;:&quot;&quot;,&quot;size&quot;:&quot;&quot;},&quot;wdt_bg_image_tablet_extra&quot;:{&quot;url&quot;:&quot;&quot;,&quot;id&quot;:&quot;&quot;,&quot;size&quot;:&quot;&quot;},&quot;wdt_bg_image_tablet&quot;:{&quot;url&quot;:&quot;&quot;,&quot;id&quot;:&quot;&quot;,&quot;size&quot;:&quot;&quot;},&quot;wdt_bg_image_mobile_extra&quot;:{&quot;url&quot;:&quot;&quot;,&quot;id&quot;:&quot;&quot;,&quot;size&quot;:&quot;&quot;},&quot;wdt_bg_image_mobile&quot;:{&quot;url&quot;:&quot;&quot;,&quot;id&quot;:&quot;&quot;,&quot;size&quot;:&quot;&quot;},&quot;wdt_bg_position&quot;:&quot;center center&quot;,&quot;wdt_animation_effect&quot;:&quot;none&quot;}\">\n\t\t\t\t\t\t<div class=\"elementor-container elementor-column-gap-no\">\n\t\t\t\t\t<div class=\"elementor-column elementor-col-100 elementor-inner-column elementor-element elementor-element-08d6cac\" data-id=\"08d6cac\" data-element_type=\"column\" data-e-type=\"column\">\n\t\t\t<div class=\"elementor-widget-wrap elementor-element-populated\">\n\t\t\t\t\t\t<div class=\"elementor-element elementor-element-bce8f7e start elementor-widget elementor-widget-wdt-heading\" data-id=\"bce8f7e\" data-element_type=\"widget\" data-e-type=\"widget\" data-settings=\"{&quot;wdt_animation_effect&quot;:&quot;none&quot;}\" data-widget_type=\"wdt-heading.default\">\n\t\t\t\t<div class=\"elementor-widget-container\">\n\t\t\t\t\t<div class=\"wdt-heading-holder \" id=\"wdt-heading-bce8f7e\"><h4 class=\"wdt-heading-title-wrapper wdt-heading-align-center wdt-heading-deco-wrapper\"><span class=\"wdt-heading-title\">Tipos de Facial<\/span><\/h4><div class=\"wdt-heading-content-wrapper\">1. Facial Hidratante: \u00a1Revitaliza tu piel opaca y deshidratada! Nuestro facial hidratante elimina las c\u00e9lulas muertas, estimula la producci\u00f3n de col\u00e1geno y elastina, mejorando la elasticidad y aletargando los signos prematuros de envejecimiento. \u00a1Oxigena tu piel y luce m\u00e1s tersa y brillante!\n<\/br><\/br>\n2. Facial Astringente: Di adi\u00f3s al exceso de grasa en tu piel con nuestro facial astringente. Regulamos la producci\u00f3n de grasa y equilibramos el pH sin da\u00f1ar la barrera protectora de tu piel. Nuestras ampolletas\nT\u00f3picas con activos dermo reguladores reducen la dilataci\u00f3n de los poros, dej\u00e1ndote con una piel fresca y matificada. \u00a1Dale a tu piel el cuidado que se merece!\n<\/br><\/br>\n3. Facial Despigmentante: Con nuestro facial despigmentante, dile adi\u00f3s a las manchas y disfruta de una piel uniforme y radiante. Mediante la aplicaci\u00f3n de poli hidroxi\u00e1cidos y microdermoabrasi\u00f3n, eliminamos las c\u00e9lulas muertas y regulamos la producci\u00f3n de melanina. Las mascarillas aclarantes unifican el tono de piel, mientras que el microneedling potencia los resultados. \u00a1Recupera la luminosidad natural de tu piel!\n<\/br><\/br>\n4. Facial Antiacn\u00e9: Combate el acn\u00e9 y cuida tu piel con nuestro facial antiacn\u00e9. Aplicamos ampolletas t\u00f3picas con bactericidas naturales para reducir la infecci\u00f3n y prevenir la aparici\u00f3n de nuevos brotes. Realizamos una extracci\u00f3n minuciosa de puntos negros y comedones para una piel libre de impurezas.\n\u00a1Recupera una piel radiante y sin imperfecciones!\n<\/br><\/br>\n<strong>\n\u00a1En Lalam Beauty Lab te ofrecemos una variedad de faciales profesionales adaptados a las necesidades de tu piel! Disfruta de una limpieza profunda, aplicaci\u00f3n de productos espec\u00edficos y t\u00e9cnicas avanzadas para obtener resultados visibles.<\/strong><\/div><\/div>\t\t\t\t<\/div>\n\t\t\t\t<\/div>\n\t\t\t\t\t<\/div>\n\t\t<\/div>\n\t\t\t\t\t<\/div>\n\t\t<\/section>\n\t\t\t\t\t<\/div>\n\t\t<\/div>\n\t\t\t\t\t<\/div>\n\t\t<\/section>\n\t\t\t\t<section class=\"elementor-section elementor-top-section elementor-element elementor-element-883f410 elementor-section-boxed elementor-section-height-default elementor-section-height-default\" data-id=\"883f410\" data-element_type=\"section\" data-e-type=\"section\" data-settings=\"{&quot;background_background&quot;:&quot;classic&quot;,&quot;wdt_bg_image&quot;:{&quot;url&quot;:&quot;&quot;,&quot;id&quot;:&quot;&quot;,&quot;size&quot;:&quot;&quot;},&quot;wdt_bg_image_widescreen&quot;:{&quot;url&quot;:&quot;&quot;,&quot;id&quot;:&quot;&quot;,&quot;size&quot;:&quot;&quot;},&quot;wdt_bg_image_laptop&quot;:{&quot;url&quot;:&quot;&quot;,&quot;id&quot;:&quot;&quot;,&quot;size&quot;:&quot;&quot;},&quot;wdt_bg_image_tablet_extra&quot;:{&quot;url&quot;:&quot;&quot;,&quot;id&quot;:&quot;&quot;,&quot;size&quot;:&quot;&quot;},&quot;wdt_bg_image_tablet&quot;:{&quot;url&quot;:&quot;&quot;,&quot;id&quot;:&quot;&quot;,&quot;size&quot;:&quot;&quot;},&quot;wdt_bg_image_mobile_extra&quot;:{&quot;url&quot;:&quot;&quot;,&quot;id&quot;:&quot;&quot;,&quot;size&quot;:&quot;&quot;},&quot;wdt_bg_image_mobile&quot;:{&quot;url&quot;:&quot;&quot;,&quot;id&quot;:&quot;&quot;,&quot;size&quot;:&quot;&quot;},&quot;wdt_bg_position&quot;:&quot;center center&quot;,&quot;wdt_animation_effect&quot;:&quot;none&quot;}\">\n\t\t\t\t\t\t<div class=\"elementor-container elementor-column-gap-default\">\n\t\t\t\t\t<div class=\"elementor-column elementor-col-100 elementor-top-column elementor-element elementor-element-1b12120\" data-id=\"1b12120\" data-element_type=\"column\" data-e-type=\"column\">\n\t\t\t<div class=\"elementor-widget-wrap elementor-element-populated\">\n\t\t\t\t\t\t<div class=\"elementor-element elementor-element-3a69e63 elementor-widget elementor-widget-text-editor\" data-id=\"3a69e63\" data-element_type=\"widget\" data-e-type=\"widget\" data-settings=\"{&quot;wdt_animation_effect&quot;:&quot;none&quot;}\" data-widget_type=\"text-editor.default\">\n\t\t\t\t<div class=\"elementor-widget-container\">\n\t\t\t\t\t\t\t\t\t<h3 class=\"wdt-heading-title-wrapper wdt-heading-align-center wdt-heading-deco-wrapper\"><span class=\"wdt-heading-title\">Ac\u00e9rcate a nosotros<\/span><\/h3>\n<div class=\"wdt-heading-content-wrapper\">Escr\u00edbenos tus dudas y con gusto alguno de nuestros asesores te contactar\u00e1 lo m\u00e1s pronto posible.<\/div>\t\t\t\t\t\t\t\t<\/div>\n\t\t\t\t<\/div>\n\t\t\t\t<div class=\"elementor-element elementor-element-7496410 center elementor-widget elementor-widget-wdt-button\" data-id=\"7496410\" data-element_type=\"widget\" data-e-type=\"widget\" data-settings=\"{&quot;wdt_animation_effect&quot;:&quot;none&quot;}\" data-widget_type=\"wdt-button.default\">\n\t\t\t\t<div class=\"elementor-widget-container\">\n\t\t\t\t\t<div class=\"wdt-button-holder wdt-template-filled wdt-button-link wdt-button-style-underline wdt-button-size-sm wdt-animation- wdt-button-icon-after\" id=\"wdt-button-7496410\"><a class=\"wdt-button\" href=\"https:\/\/lalambeauty.com.mx\/contacto\"><div class=\"wdt-button-text\"><span>CONTACTO<\/span><\/div><div class=\"wdt-button-icon\"><span><i aria-hidden=\"true\" class=\"far fa-paper-plane\"><\/i><\/span><\/div><\/a><\/div>\t\t\t\t<\/div>\n\t\t\t\t<\/div>\n\t\t\t\t\t<\/div>\n\t\t<\/div>\n\t\t\t\t\t<\/div>\n\t\t<\/section>\n\t\t\t\t<\/div>\n\t\t","protected":false},"excerpt":{"rendered":"<p>En Lalam Beauty Lab, comprendemos que cada piel es \u00fanica Por eso realizamos un an\u00e1lisis detallado para personalizar el tratamiento seg\u00fan tus necesidades d\u00e9rmicas. Prep\u00e1rate para sumergirte en una experiencia de cuidado de la piel completa y transformadora. Nuestros faciales comienzan con una limpieza profunda para eliminar impurezas y c\u00e9lulas muertas. A trav\u00e9s de la [&hellip;]<\/p>\n","protected":false},"author":2,"featured_media":0,"parent":651,"menu_order":1,"comment_status":"closed","ping_status":"closed","template":"tpl-side-nav.php","meta":{"_coblocks_attr":"","_coblocks_dimensions":"","_coblocks_responsive_height":"","_coblocks_accordion_ie_support":"","footnotes":""},"class_list":["post-744","page","type-page","status-publish","hentry"],"aioseo_notices":[],"_links":{"self":[{"href":"https:\/\/lalambeauty.com.mx\/index.php?rest_route=\/wp\/v2\/pages\/744","targetHints":{"allow":["GET"]}}],"collection":[{"href":"https:\/\/lalambeauty.com.mx\/index.php?rest_route=\/wp\/v2\/pages"}],"about":[{"href":"https:\/\/lalambeauty.com.mx\/index.php?rest_route=\/wp\/v2\/types\/page"}],"author":[{"embeddable":true,"href":"https:\/\/lalambeauty.com.mx\/index.php?rest_route=\/wp\/v2\/users\/2"}],"replies":[{"embeddable":true,"href":"https:\/\/lalambeauty.com.mx\/index.php?rest_route=%2Fwp%2Fv2%2Fcomments&post=744"}],"version-history":[{"count":0,"href":"https:\/\/lalambeauty.com.mx\/index.php?rest_route=\/wp\/v2\/pages\/744\/revisions"}],"up":[{"embeddable":true,"href":"https:\/\/lalambeauty.com.mx\/index.php?rest_route=\/wp\/v2\/pages\/651"}],"wp:attachment":[{"href":"https:\/\/lalambeauty.com.mx\/index.php?rest_route=%2Fwp%2Fv2%2Fmedia&parent=744"}],"curies":[{"name":"wp","href":"https:\/\/api.w.org\/{rel}","templated":true}]}}