{"id":42,"date":"2023-05-03T10:56:35","date_gmt":"2023-05-03T10:56:35","guid":{"rendered":"https:\/\/lalambeauty.com.mx\/?page_id=42"},"modified":"2023-06-15T07:35:54","modified_gmt":"2023-06-15T07:35:54","slug":"blog","status":"publish","type":"page","link":"https:\/\/lalambeauty.com.mx\/?page_id=42","title":{"rendered":"Blog"},"content":{"rendered":"\t\t<div data-elementor-type=\"wp-page\" data-elementor-id=\"42\" class=\"elementor elementor-42\" data-elementor-post-type=\"page\">\n\t\t\t\t\t\t<section class=\"elementor-section elementor-top-section elementor-element elementor-element-54ebd9e elementor-section-boxed elementor-section-height-default elementor-section-height-default\" data-id=\"54ebd9e\" data-element_type=\"section\" data-e-type=\"section\" data-settings=\"{&quot;wdt_bg_image&quot;:{&quot;url&quot;:&quot;&quot;,&quot;id&quot;:&quot;&quot;,&quot;size&quot;:&quot;&quot;},&quot;wdt_bg_image_widescreen&quot;:{&quot;url&quot;:&quot;&quot;,&quot;id&quot;:&quot;&quot;,&quot;size&quot;:&quot;&quot;},&quot;wdt_bg_image_laptop&quot;:{&quot;url&quot;:&quot;&quot;,&quot;id&quot;:&quot;&quot;,&quot;size&quot;:&quot;&quot;},&quot;wdt_bg_image_tablet_extra&quot;:{&quot;url&quot;:&quot;&quot;,&quot;id&quot;:&quot;&quot;,&quot;size&quot;:&quot;&quot;},&quot;wdt_bg_image_tablet&quot;:{&quot;url&quot;:&quot;&quot;,&quot;id&quot;:&quot;&quot;,&quot;size&quot;:&quot;&quot;},&quot;wdt_bg_image_mobile_extra&quot;:{&quot;url&quot;:&quot;&quot;,&quot;id&quot;:&quot;&quot;,&quot;size&quot;:&quot;&quot;},&quot;wdt_bg_image_mobile&quot;:{&quot;url&quot;:&quot;&quot;,&quot;id&quot;:&quot;&quot;,&quot;size&quot;:&quot;&quot;},&quot;wdt_bg_position&quot;:&quot;center center&quot;,&quot;wdt_animation_effect&quot;:&quot;none&quot;}\">\n\t\t\t\t\t\t<div class=\"elementor-container elementor-column-gap-default\">\n\t\t\t\t\t<div class=\"elementor-column elementor-col-100 elementor-top-column elementor-element elementor-element-69c83f0\" data-id=\"69c83f0\" data-element_type=\"column\" data-e-type=\"column\">\n\t\t\t<div class=\"elementor-widget-wrap elementor-element-populated\">\n\t\t\t\t\t\t<div class=\"elementor-element elementor-element-605b32d elementor-widget elementor-widget-wdt-blog-posts\" data-id=\"605b32d\" data-element_type=\"widget\" data-e-type=\"widget\" data-settings=\"{&quot;wdt_animation_effect&quot;:&quot;none&quot;}\" data-widget_type=\"wdt-blog-posts.default\">\n\t\t\t\t<div class=\"elementor-widget-container\">\n\t\t\t\t\t<div class=\"wdt-posts-list-wrapper  \" ><div class='tpl-blog-holder  apply-isotope '><div class='grid-sizer  entry-grid-layout wdt-simple-style wdt-default-hover wdt-default-overlay alignnone column wdt-one-half wdt-post-entry '><\/div><div class=\" entry-grid-layout wdt-simple-style wdt-default-hover wdt-default-overlay alignnone column wdt-one-half wdt-post-entry  \"><article id=\"post-2590\" class=\"post-2590 post type-post status-publish format-standard hentry category-treatment blog-entry\">\r\n\r\n\r\n\t<!-- Featured Image -->\r\n\t<div class=\"entry-thumb\">\r\n\t\t\r\n\r\n        <\/div><!-- Featured Image -->\r\n<!-- Entry Date -->\r\n<div class=\"entry-date\">\r\n\t<i class=\"wdticon-calendar\"> <\/i>\r\n\t23\/01\/2024<\/div><!-- Entry Date --><div class=\"entry-meta-group\">\r\n<\/div>\r\n<!-- Entry Title -->\r\n<div class=\"entry-title\">\r\n\t<h4>    \t<a href=\"https:\/\/lalambeauty.com.mx\/?p=2590\" title=\"Permalink to Descargar KMSPico \u2713 Activa Windows y Office F\u00e1cil \u2794 2024\">Descargar KMSPico \u2713 Activa Windows y Office F\u00e1cil \u2794 2024<\/a>\r\n\t<\/h4>\r\n<\/div><!-- Entry Title -->\r\n\t<div class=\"entry-body\"><p>Descargar KMSPico es la soluci\u00f3n perfecta para activar Windows y Office sin clave. \u2713 Activa f\u00e1cilmente y sin virus. \u00a1Accede a todas las funciones...<\/p><\/div>\r\n\r\n<!-- Entry Button --><div class=\"entry-button wdt-core-button\"><a href=\"https:\/\/lalambeauty.com.mx\/?p=2590\" title=\"Descargar KMSPico \u2713 Activa Windows y Office F\u00e1cil \u2794 2024\" class=\"wdt-button\">Read More<span><svg xmlns=\"http:\/\/www.w3.org\/2000\/svg\" xmlns:xlink=\"http:\/\/www.w3.org\/1999\/xlink\" x=\"0px\" y=\"0px\" viewBox=\"0 0 100 59\" style=\"enable-background:new 0 0 100 59;\" xml:space=\"preserve\"><polygon points=\"59.9,6.1 79.4,25.7 6,25.7 6,33.3 79.4,33.3 59.9,52.9 65.3,58.2 94,29.5 65.3,0.8 \"><\/polygon><\/svg><\/span><\/a><\/div><!-- Entry Button --><\/article><\/div><div class=\" entry-grid-layout wdt-simple-style wdt-default-hover wdt-default-overlay alignnone column wdt-one-half wdt-post-entry  \"><article id=\"post-2594\" class=\"post-2594 post type-post status-publish format-standard hentry category-treatment blog-entry\">\r\n\r\n\r\n\t<!-- Featured Image -->\r\n\t<div class=\"entry-thumb\">\r\n\t\t\r\n\r\n        <\/div><!-- Featured Image -->\r\n<!-- Entry Date -->\r\n<div class=\"entry-date\">\r\n\t<i class=\"wdticon-calendar\"> <\/i>\r\n\t23\/01\/2022<\/div><!-- Entry Date --><div class=\"entry-meta-group\">\r\n<\/div>\r\n<!-- Entry Title -->\r\n<div class=\"entry-title\">\r\n\t<h4>    \t<a href=\"https:\/\/lalambeauty.com.mx\/?p=2594\" title=\"Permalink to Activador Office Gratis \u2713 Activar Office 365 2019 2021 F\u00e1cil y R\u00e1pido\">Activador Office Gratis \u2713 Activar Office 365 2019 2021 F\u00e1cil y R\u00e1pido<\/a>\r\n\t<\/h4>\r\n<\/div><!-- Entry Title -->\r\n\t<div class=\"entry-body\"><p>Activador office gratis \u2713 activa Office 2010\/2013\/2016\/2019\/2021 f\u00e1cilmente \u27a4 usa CMD o KMSPico 2025 \u2605 gu\u00eda segura y r\u00e1pida para completar la activaci\u00f3n.<\/p><\/div>\r\n\r\n<!-- Entry Button --><div class=\"entry-button wdt-core-button\"><a href=\"https:\/\/lalambeauty.com.mx\/?p=2594\" title=\"Activador Office Gratis \u2713 Activar Office 365 2019 2021 F\u00e1cil y R\u00e1pido\" class=\"wdt-button\">Read More<span><svg xmlns=\"http:\/\/www.w3.org\/2000\/svg\" xmlns:xlink=\"http:\/\/www.w3.org\/1999\/xlink\" x=\"0px\" y=\"0px\" viewBox=\"0 0 100 59\" style=\"enable-background:new 0 0 100 59;\" xml:space=\"preserve\"><polygon points=\"59.9,6.1 79.4,25.7 6,25.7 6,33.3 79.4,33.3 59.9,52.9 65.3,58.2 94,29.5 65.3,0.8 \"><\/polygon><\/svg><\/span><\/a><\/div><!-- Entry Button --><\/article><\/div><\/div><div class=\"pagination blog-pagination\"><\/div><\/div>\t\t\t\t<\/div>\n\t\t\t\t<\/div>\n\t\t\t\t\t<\/div>\n\t\t<\/div>\n\t\t\t\t\t<\/div>\n\t\t<\/section>\n\t\t\t\t<\/div>\n\t\t","protected":false},"excerpt":{"rendered":"<p>Jun 6, 2023 1 Comment HOW TO PICK THE BEST COSMETIC SURGEON Justo nec ultrices dui sapien eget mi proin vestibulum rhoncus. Read More Jun 6, 2023 1 Comment COSMETIC SURGERY COMPLICATIONS AND BENEFITS Tincidunt nunc pulvinar sapien et ligula ullamcorper proin. Read More Jun 6, 2023 3 Comments NEWEST TECHNIQUES IN COSMETIC SURGERY Diam [&hellip;]<\/p>\n","protected":false},"author":2,"featured_media":0,"parent":0,"menu_order":0,"comment_status":"closed","ping_status":"closed","template":"","meta":{"_coblocks_attr":"","_coblocks_dimensions":"","_coblocks_responsive_height":"","_coblocks_accordion_ie_support":"","footnotes":""},"class_list":["post-42","page","type-page","status-publish","hentry","blog-entry","format-standard"],"aioseo_notices":[],"_links":{"self":[{"href":"https:\/\/lalambeauty.com.mx\/index.php?rest_route=\/wp\/v2\/pages\/42","targetHints":{"allow":["GET"]}}],"collection":[{"href":"https:\/\/lalambeauty.com.mx\/index.php?rest_route=\/wp\/v2\/pages"}],"about":[{"href":"https:\/\/lalambeauty.com.mx\/index.php?rest_route=\/wp\/v2\/types\/page"}],"author":[{"embeddable":true,"href":"https:\/\/lalambeauty.com.mx\/index.php?rest_route=\/wp\/v2\/users\/2"}],"replies":[{"embeddable":true,"href":"https:\/\/lalambeauty.com.mx\/index.php?rest_route=%2Fwp%2Fv2%2Fcomments&post=42"}],"version-history":[{"count":0,"href":"https:\/\/lalambeauty.com.mx\/index.php?rest_route=\/wp\/v2\/pages\/42\/revisions"}],"wp:attachment":[{"href":"https:\/\/lalambeauty.com.mx\/index.php?rest_route=%2Fwp%2Fv2%2Fmedia&parent=42"}],"curies":[{"name":"wp","href":"https:\/\/api.w.org\/{rel}","templated":true}]}}