{"id":39,"date":"2023-05-03T10:55:27","date_gmt":"2023-05-03T10:55:27","guid":{"rendered":"https:\/\/lalambeauty.com.mx\/?page_id=39"},"modified":"2025-10-30T16:13:23","modified_gmt":"2025-10-30T22:13:23","slug":"nosotros","status":"publish","type":"page","link":"https:\/\/lalambeauty.com.mx\/?page_id=39","title":{"rendered":"Nosotros"},"content":{"rendered":"\t\t<div data-elementor-type=\"wp-page\" data-elementor-id=\"39\" class=\"elementor elementor-39\" data-elementor-post-type=\"page\">\n\t\t\t\t\t\t<section class=\"elementor-section elementor-top-section elementor-element elementor-element-d46120a elementor-reverse-tablet elementor-reverse-mobile_extra elementor-reverse-mobile wdt-custom-apply-hidden elementor-section-boxed elementor-section-height-default elementor-section-height-default\" data-id=\"d46120a\" data-element_type=\"section\" data-e-type=\"section\" data-settings=\"{&quot;background_background&quot;:&quot;classic&quot;,&quot;wdt_bg_image&quot;:{&quot;url&quot;:&quot;&quot;,&quot;id&quot;:&quot;&quot;,&quot;size&quot;:&quot;&quot;},&quot;wdt_bg_image_widescreen&quot;:{&quot;url&quot;:&quot;&quot;,&quot;id&quot;:&quot;&quot;,&quot;size&quot;:&quot;&quot;},&quot;wdt_bg_image_laptop&quot;:{&quot;url&quot;:&quot;&quot;,&quot;id&quot;:&quot;&quot;,&quot;size&quot;:&quot;&quot;},&quot;wdt_bg_image_tablet_extra&quot;:{&quot;url&quot;:&quot;&quot;,&quot;id&quot;:&quot;&quot;,&quot;size&quot;:&quot;&quot;},&quot;wdt_bg_image_tablet&quot;:{&quot;url&quot;:&quot;&quot;,&quot;id&quot;:&quot;&quot;,&quot;size&quot;:&quot;&quot;},&quot;wdt_bg_image_mobile_extra&quot;:{&quot;url&quot;:&quot;&quot;,&quot;id&quot;:&quot;&quot;,&quot;size&quot;:&quot;&quot;},&quot;wdt_bg_image_mobile&quot;:{&quot;url&quot;:&quot;&quot;,&quot;id&quot;:&quot;&quot;,&quot;size&quot;:&quot;&quot;},&quot;wdt_bg_position&quot;:&quot;center center&quot;,&quot;wdt_animation_effect&quot;:&quot;none&quot;}\">\n\t\t\t\t\t\t<div class=\"elementor-container elementor-column-gap-no\">\n\t\t\t\t\t<div class=\"elementor-column elementor-col-50 elementor-top-column elementor-element elementor-element-83212df elementor-invisible\" data-id=\"83212df\" data-element_type=\"column\" data-e-type=\"column\" data-settings=\"{&quot;animation&quot;:&quot;fadeInLeft&quot;}\">\n\t\t\t<div class=\"elementor-widget-wrap elementor-element-populated\">\n\t\t\t\t\t\t<div class=\"elementor-element elementor-element-328488c start elementor-widget__width-initial wdt-custom-common-heading elementor-widget-tablet__width-inherit elementor-widget elementor-widget-wdt-heading\" data-id=\"328488c\" data-element_type=\"widget\" data-e-type=\"widget\" data-settings=\"{&quot;wdt_animation_effect&quot;:&quot;none&quot;}\" data-widget_type=\"wdt-heading.default\">\n\t\t\t\t<div class=\"elementor-widget-container\">\n\t\t\t\t\t<div class=\"wdt-heading-holder \" id=\"wdt-heading-328488c\"><div class=\"wdt-heading-subtitle-wrapper wdt-heading-align-center \"><span class=\"wdt-heading-subtitle\">Bienvenidos<\/span><\/div><h3 class=\"wdt-heading-title-wrapper wdt-heading-align-center wdt-heading-deco-wrapper\"><span class=\"wdt-heading-title\">Ven a vivir la experiencia Lalam Beauty Lab<\/span><\/h3><div class=\"wdt-heading-content-wrapper\"><strong>\u00a1Prep\u00e1rate para un viaje de transformaci\u00f3n personalizada y descubre una belleza radiante que te llenar\u00e1 de confianza!<\/strong>\n<\/br><\/br>\nCon m\u00e1s de 4 a\u00f1os de experiencia, hemos dejado huella como l\u00edderes en nuestra industria. Ahora, nuestras dos sucursales en Le\u00f3n, Guanajuato, est\u00e1n listas para brindarte servicios de calidad y tecnolog\u00eda est\u00e9tica de \u00faltima generaci\u00f3n.\n<\/br><\/br>\nNuestro equipo altamente calificado de terapeutas, aunado a nuestro compromiso permanente de contar con productos, personal y tecnolog\u00eda de punta, as\u00ed como nuestro servicio personalizado, nos permiten ofrecerte excelencia en cada minuto de tu tratamiento.<\/div><\/div>\t\t\t\t<\/div>\n\t\t\t\t<\/div>\n\t\t\t\t<div class=\"elementor-element elementor-element-92578b8 start elementor-widget__width-initial elementor-widget elementor-widget-wdt-button\" data-id=\"92578b8\" data-element_type=\"widget\" data-e-type=\"widget\" data-settings=\"{&quot;item_normal_background_background&quot;:&quot;classic&quot;,&quot;item_hover_background_background&quot;:&quot;classic&quot;,&quot;wdt_animation_effect&quot;:&quot;none&quot;}\" data-widget_type=\"wdt-button.default\">\n\t\t\t\t<div class=\"elementor-widget-container\">\n\t\t\t\t\t<div class=\"wdt-button-holder wdt-template-filled wdt-button-link wdt-button-style-default wdt-button-size-sm wdt-animation- wdt-button-icon-after\" id=\"wdt-button-92578b8\"><a class=\"wdt-button\" href=\"https:\/\/lalambeauty.com.mx\/agenda-una-cita\/\"><div class=\"wdt-button-text\"><span>AGENDA UNA CITA<\/span><\/div><\/a><\/div>\t\t\t\t<\/div>\n\t\t\t\t<\/div>\n\t\t\t\t<div class=\"elementor-element elementor-element-9718e8c elementor-widget__width-auto elementor-absolute wdt-custom-inview-svg elementor-hidden-mobile_extra elementor-hidden-mobile elementor-view-default elementor-widget elementor-widget-icon\" data-id=\"9718e8c\" data-element_type=\"widget\" data-e-type=\"widget\" data-settings=\"{&quot;_position&quot;:&quot;absolute&quot;,&quot;wdt_animation_effect&quot;:&quot;none&quot;}\" data-widget_type=\"icon.default\">\n\t\t\t\t<div class=\"elementor-widget-container\">\n\t\t\t\t\t\t\t<div class=\"elementor-icon-wrapper\">\n\t\t\t<div class=\"elementor-icon\">\n\t\t\t<svg xmlns=\"http:\/\/www.w3.org\/2000\/svg\" xmlns:xlink=\"http:\/\/www.w3.org\/1999\/xlink\" x=\"0px\" y=\"0px\" viewBox=\"0 0 100 100\" style=\"enable-background:new 0 0 100 100;\" xml:space=\"preserve\"><g>\t<path d=\"M54.5,95c-5.2,0-10.5-0.8-15.9-2.4l0,0C24.6,88.1,14.3,78.9,8.2,65.1c-4.5-10.2-3.5-21,2.9-32C19.7,18.4,33,9.1,50.7,5.6  c7-1.4,13.6-0.5,19.6,2.7c6.8,3.5,10,9.3,9.7,17.2c-0.1,1.4-0.2,2.7-0.3,4.1c-0.1,1.2-0.2,2.4-0.3,3.5c-0.4,8.2,1.8,15,6.9,20.6  c2,2.2,4.2,4.8,5.9,8c3.6,6.9,2.9,12.4-2.1,17.9c-8.2,8.9-18.6,14-30.8,15.2C57.7,94.9,56.1,95,54.5,95z M38.7,92.4  c7,2.1,13.9,2.9,20.6,2.2c12.2-1.2,22.5-6.3,30.7-15.2c5-5.4,5.7-10.9,2.1-17.6c-1.7-3.2-3.9-5.8-5.8-8c-5.1-5.6-7.4-12.4-7-20.7  c0.1-1.2,0.2-2.4,0.3-3.5c0.1-1.3,0.2-2.7,0.3-4.1c0.3-7.8-2.9-13.5-9.6-17c-6-3.1-12.6-4-19.5-2.7C33.1,9.3,19.9,18.5,11.3,33.2  C4.9,44.2,3.9,54.9,8.4,65C14.5,78.7,24.7,87.9,38.7,92.4L38.7,92.4z\"><\/path><\/g><\/svg>\t\t\t<\/div>\n\t\t<\/div>\n\t\t\t\t\t\t<\/div>\n\t\t\t\t<\/div>\n\t\t\t\t\t<\/div>\n\t\t<\/div>\n\t\t\t\t<div class=\"elementor-column elementor-col-50 elementor-top-column elementor-element elementor-element-6d63fed elementor-invisible\" data-id=\"6d63fed\" data-element_type=\"column\" data-e-type=\"column\" data-settings=\"{&quot;background_background&quot;:&quot;classic&quot;,&quot;animation&quot;:&quot;fadeInRight&quot;}\">\n\t\t\t<div class=\"elementor-widget-wrap elementor-element-populated\">\n\t\t\t\t\t\t<div class=\"elementor-element elementor-element-facce6c elementor-widget__width-initial elementor-widget elementor-widget-image\" data-id=\"facce6c\" data-element_type=\"widget\" data-e-type=\"widget\" data-settings=\"{&quot;wdt_animation_effect&quot;:&quot;none&quot;}\" data-widget_type=\"image.default\">\n\t\t\t\t<div class=\"elementor-widget-container\">\n\t\t\t\t\t\t\t\t\t\t\t\t\t\t\t<img decoding=\"async\" src=\"https:\/\/lalambeauty.com.mx\/wp-content\/uploads\/elementor\/thumbs\/DS20384-scaled-rj9segle8ok6f1q3fvm8tqwqvlap0dx048lpdc5c34.jpg\" title=\"_DS20384\" alt=\"_DS20384\" loading=\"lazy\" \/>\t\t\t\t\t\t\t\t\t\t\t\t\t\t\t<\/div>\n\t\t\t\t<\/div>\n\t\t\t\t<div class=\"elementor-element elementor-element-7322951 elementor-widget__width-auto elementor-absolute wdt-custom-inview-svg elementor-hidden-mobile_extra elementor-hidden-mobile elementor-view-default elementor-widget elementor-widget-icon\" data-id=\"7322951\" data-element_type=\"widget\" data-e-type=\"widget\" data-settings=\"{&quot;_position&quot;:&quot;absolute&quot;,&quot;wdt_animation_effect&quot;:&quot;none&quot;}\" data-widget_type=\"icon.default\">\n\t\t\t\t<div class=\"elementor-widget-container\">\n\t\t\t\t\t\t\t<div class=\"elementor-icon-wrapper\">\n\t\t\t<div class=\"elementor-icon\">\n\t\t\t<svg xmlns=\"http:\/\/www.w3.org\/2000\/svg\" xmlns:xlink=\"http:\/\/www.w3.org\/1999\/xlink\" x=\"0px\" y=\"0px\" viewBox=\"0 0 100 100\" style=\"enable-background:new 0 0 100 100;\" xml:space=\"preserve\"><g>\t<path d=\"M57.5,95c-1.3,0-2.6-0.1-4-0.2c-5-0.4-10.4-1.7-15.7-3.6C26.7,87.1,17.3,80.4,12.1,73c-3-4.3-4.6-8.8-4.6-13.3  c0-4.9,1.9-9.8,5.7-14.5c7.2-9,14.5-16.6,21.7-22.7c6.9-5.9,13.7-10.3,20.2-13.3c12.6-5.7,23.7-5.6,32.1,0.3  c3.9,2.8,5.6,5.8,5.3,9.7c-0.3,3.7-2.1,7.8-4.5,13c-4.5,10-10.7,23.8-9.6,44.2c0.4,8.6-3.4,14.5-11,17.1C64.5,94.5,61.2,95,57.5,95  z M72.5,5.1c-5.3,0-11.1,1.4-17.3,4.2c-13.3,6.1-27.8,18.5-41.9,36c-9,11.2-5.6,21.2-1.1,27.6C17.4,80.3,26.8,87,38,91.1  c10.9,4,21.9,4.9,29.3,2.3c7.6-2.6,11.4-8.5,10.9-17c-1-20.4,5.2-34.2,9.7-44.2c2.3-5.2,4.2-9.4,4.5-13c0.3-3.9-1.3-6.9-5.2-9.6  C82.8,6.6,77.9,5.1,72.5,5.1z\"><\/path><\/g><\/svg>\t\t\t<\/div>\n\t\t<\/div>\n\t\t\t\t\t\t<\/div>\n\t\t\t\t<\/div>\n\t\t\t\t\t<\/div>\n\t\t<\/div>\n\t\t\t\t\t<\/div>\n\t\t<\/section>\n\t\t\t\t<section class=\"elementor-section elementor-top-section elementor-element elementor-element-eedccc5 elementor-section-boxed elementor-section-height-default elementor-section-height-default\" data-id=\"eedccc5\" data-element_type=\"section\" data-e-type=\"section\" data-settings=\"{&quot;background_background&quot;:&quot;video&quot;,&quot;background_video_link&quot;:&quot;https:\\\/\\\/youtu.be\\\/JZpqo5c27xw&quot;,&quot;wdt_bg_image&quot;:{&quot;url&quot;:&quot;&quot;,&quot;id&quot;:&quot;&quot;,&quot;size&quot;:&quot;&quot;},&quot;wdt_bg_image_widescreen&quot;:{&quot;url&quot;:&quot;&quot;,&quot;id&quot;:&quot;&quot;,&quot;size&quot;:&quot;&quot;},&quot;wdt_bg_image_laptop&quot;:{&quot;url&quot;:&quot;&quot;,&quot;id&quot;:&quot;&quot;,&quot;size&quot;:&quot;&quot;},&quot;wdt_bg_image_tablet_extra&quot;:{&quot;url&quot;:&quot;&quot;,&quot;id&quot;:&quot;&quot;,&quot;size&quot;:&quot;&quot;},&quot;wdt_bg_image_tablet&quot;:{&quot;url&quot;:&quot;&quot;,&quot;id&quot;:&quot;&quot;,&quot;size&quot;:&quot;&quot;},&quot;wdt_bg_image_mobile_extra&quot;:{&quot;url&quot;:&quot;&quot;,&quot;id&quot;:&quot;&quot;,&quot;size&quot;:&quot;&quot;},&quot;wdt_bg_image_mobile&quot;:{&quot;url&quot;:&quot;&quot;,&quot;id&quot;:&quot;&quot;,&quot;size&quot;:&quot;&quot;},&quot;wdt_bg_position&quot;:&quot;center center&quot;,&quot;wdt_animation_effect&quot;:&quot;none&quot;}\">\n\t\t\t\t\t\t\t\t<div class=\"elementor-background-video-container elementor-hidden-mobile\">\n\t\t\t\t\t\t\t\t\t\t\t\t\t<div class=\"elementor-background-video-embed\" role=\"presentation\"><\/div>\n\t\t\t\t\t\t\t\t\t\t\t\t<\/div>\n\t\t\t\t\t\t\t\t<div class=\"elementor-container elementor-column-gap-default\">\n\t\t\t\t\t<div class=\"elementor-column elementor-col-33 elementor-top-column elementor-element elementor-element-e1d22f8\" data-id=\"e1d22f8\" data-element_type=\"column\" data-e-type=\"column\">\n\t\t\t<div class=\"elementor-widget-wrap elementor-element-populated\">\n\t\t\t\t\t\t<div class=\"elementor-element elementor-element-f508c42 elementor-widget elementor-widget-text-editor\" data-id=\"f508c42\" data-element_type=\"widget\" data-e-type=\"widget\" data-settings=\"{&quot;wdt_animation_effect&quot;:&quot;none&quot;}\" data-widget_type=\"text-editor.default\">\n\t\t\t\t<div class=\"elementor-widget-container\">\n\t\t\t\t\t\t\t\t\t<h4><img decoding=\"async\" class=\"alignnone size-full wp-image-1349\" src=\"https:\/\/lalambeauty.com.mx\/http:\/\/lalambeauty.com.mx\/wp-content\/uploads\/2023\/06\/double-arrow-down-1-1.svg\" alt=\"\" width=\"18\" height=\"20\" \/><\/h4><h4><strong>MISI\u00d3N<\/strong><\/h4><p>Brindar belleza y bienestar a nuestros clientes y colaboradores, a trav\u00e9s de excelentes servicios, garantizando los mejores resultados en faciales, corporales y depilaci\u00f3n l\u00e1ser, buscando estar a la vanguardia en equipos y tratamientos est\u00e9ticos-corporales y de belleza, as\u00ed como un excelente trato qu\u00e9 supere las expectativas de nuestros clientes siempre enfoc\u00e1ndonos en el detalle.<\/p>\t\t\t\t\t\t\t\t<\/div>\n\t\t\t\t<\/div>\n\t\t\t\t\t<\/div>\n\t\t<\/div>\n\t\t\t\t<div class=\"elementor-column elementor-col-33 elementor-top-column elementor-element elementor-element-284f684\" data-id=\"284f684\" data-element_type=\"column\" data-e-type=\"column\">\n\t\t\t<div class=\"elementor-widget-wrap elementor-element-populated\">\n\t\t\t\t\t\t<div class=\"elementor-element elementor-element-8d39c69 elementor-widget elementor-widget-text-editor\" data-id=\"8d39c69\" data-element_type=\"widget\" data-e-type=\"widget\" data-settings=\"{&quot;wdt_animation_effect&quot;:&quot;none&quot;}\" data-widget_type=\"text-editor.default\">\n\t\t\t\t<div class=\"elementor-widget-container\">\n\t\t\t\t\t\t\t\t\t<h4><img decoding=\"async\" class=\"alignnone size-full wp-image-1349\" src=\"https:\/\/lalambeauty.com.mx\/http:\/\/lalambeauty.com.mx\/wp-content\/uploads\/2023\/06\/double-arrow-down-1-1.svg\" alt=\"\" width=\"18\" height=\"20\" \/><\/h4><h4><strong>VISI\u00d3N<\/strong><\/h4><p>Ser una empresa de vanguardia, que cree una imagen distintiva por la calidad de sus servicios de tratamientos de belleza, est\u00e9ticos reductivos, y de depilaci\u00f3n l\u00e1ser y por el excelente trato al cliente que supere sus expectativas, enfocados siempre en el detalle. As\u00ed como ser una fuente de trabajo s\u00f3lida y prestigiada en donde nuestro personal se siente orgulloso de colaborar.<\/p>\t\t\t\t\t\t\t\t<\/div>\n\t\t\t\t<\/div>\n\t\t\t\t\t<\/div>\n\t\t<\/div>\n\t\t\t\t<div class=\"elementor-column elementor-col-33 elementor-top-column elementor-element elementor-element-4c61467\" data-id=\"4c61467\" data-element_type=\"column\" data-e-type=\"column\">\n\t\t\t<div class=\"elementor-widget-wrap elementor-element-populated\">\n\t\t\t\t\t\t<div class=\"elementor-element elementor-element-589dd65 elementor-widget elementor-widget-text-editor\" data-id=\"589dd65\" data-element_type=\"widget\" data-e-type=\"widget\" data-settings=\"{&quot;wdt_animation_effect&quot;:&quot;none&quot;}\" data-widget_type=\"text-editor.default\">\n\t\t\t\t<div class=\"elementor-widget-container\">\n\t\t\t\t\t\t\t\t\t<h4><img decoding=\"async\" class=\"alignnone size-full wp-image-1349\" src=\"https:\/\/lalambeauty.com.mx\/http:\/\/lalambeauty.com.mx\/wp-content\/uploads\/2023\/06\/double-arrow-down-1-1.svg\" alt=\"\" width=\"18\" height=\"20\" \/><\/h4><h4><strong>VALORES<\/strong><\/h4><p>\u2022 Excelencia<br \/>\u2022 Confianza<br \/>\u2022 Innovaci\u00f3n<br \/>\u2022 Personalizaci\u00f3n<br \/>\u2022 Bienestar<br \/>\u2022 Profesionalismo<br \/>\u2022 Responsabilidad<\/p>\t\t\t\t\t\t\t\t<\/div>\n\t\t\t\t<\/div>\n\t\t\t\t\t<\/div>\n\t\t<\/div>\n\t\t\t\t\t<\/div>\n\t\t<\/section>\n\t\t\t\t<\/div>\n\t\t","protected":false},"excerpt":{"rendered":"<p>Bienvenidos Ven a vivir la experiencia Lalam Beauty Lab \u00a1Prep\u00e1rate para un viaje de transformaci\u00f3n personalizada y descubre una belleza radiante que te llenar\u00e1 de confianza! Con m\u00e1s de 4 a\u00f1os de experiencia, hemos dejado huella como l\u00edderes en nuestra industria. Ahora, nuestras dos sucursales en Le\u00f3n, Guanajuato, est\u00e1n listas para brindarte servicios de calidad [&hellip;]<\/p>\n","protected":false},"author":2,"featured_media":0,"parent":0,"menu_order":0,"comment_status":"closed","ping_status":"closed","template":"elementor_header_footer","meta":{"_coblocks_attr":"","_coblocks_dimensions":"","_coblocks_responsive_height":"","_coblocks_accordion_ie_support":"","footnotes":""},"class_list":["post-39","page","type-page","status-publish","hentry"],"aioseo_notices":[],"_links":{"self":[{"href":"https:\/\/lalambeauty.com.mx\/index.php?rest_route=\/wp\/v2\/pages\/39","targetHints":{"allow":["GET"]}}],"collection":[{"href":"https:\/\/lalambeauty.com.mx\/index.php?rest_route=\/wp\/v2\/pages"}],"about":[{"href":"https:\/\/lalambeauty.com.mx\/index.php?rest_route=\/wp\/v2\/types\/page"}],"author":[{"embeddable":true,"href":"https:\/\/lalambeauty.com.mx\/index.php?rest_route=\/wp\/v2\/users\/2"}],"replies":[{"embeddable":true,"href":"https:\/\/lalambeauty.com.mx\/index.php?rest_route=%2Fwp%2Fv2%2Fcomments&post=39"}],"version-history":[{"count":0,"href":"https:\/\/lalambeauty.com.mx\/index.php?rest_route=\/wp\/v2\/pages\/39\/revisions"}],"wp:attachment":[{"href":"https:\/\/lalambeauty.com.mx\/index.php?rest_route=%2Fwp%2Fv2%2Fmedia&parent=39"}],"curies":[{"name":"wp","href":"https:\/\/api.w.org\/{rel}","templated":true}]}}