{"id":2321,"date":"2025-01-13T12:15:13","date_gmt":"2025-01-13T18:15:13","guid":{"rendered":"https:\/\/lalambeauty.com.mx\/?page_id=2321"},"modified":"2025-10-30T17:04:33","modified_gmt":"2025-10-30T23:04:33","slug":"hydrafacial","status":"publish","type":"page","link":"https:\/\/lalambeauty.com.mx\/?page_id=2321","title":{"rendered":"Hydrafacial"},"content":{"rendered":"\t\t<div data-elementor-type=\"wp-page\" data-elementor-id=\"2321\" class=\"elementor elementor-2321\" data-elementor-post-type=\"page\">\n\t\t\t\t\t\t<section class=\"elementor-section elementor-top-section elementor-element elementor-element-4040e19 elementor-section-full_width elementor-section-height-default elementor-section-height-default\" data-id=\"4040e19\" data-element_type=\"section\" data-e-type=\"section\" data-settings=\"{&quot;wdt_bg_image&quot;:{&quot;url&quot;:&quot;&quot;,&quot;id&quot;:&quot;&quot;,&quot;size&quot;:&quot;&quot;},&quot;wdt_bg_image_widescreen&quot;:{&quot;url&quot;:&quot;&quot;,&quot;id&quot;:&quot;&quot;,&quot;size&quot;:&quot;&quot;},&quot;wdt_bg_image_laptop&quot;:{&quot;url&quot;:&quot;&quot;,&quot;id&quot;:&quot;&quot;,&quot;size&quot;:&quot;&quot;},&quot;wdt_bg_image_tablet_extra&quot;:{&quot;url&quot;:&quot;&quot;,&quot;id&quot;:&quot;&quot;,&quot;size&quot;:&quot;&quot;},&quot;wdt_bg_image_tablet&quot;:{&quot;url&quot;:&quot;&quot;,&quot;id&quot;:&quot;&quot;,&quot;size&quot;:&quot;&quot;},&quot;wdt_bg_image_mobile_extra&quot;:{&quot;url&quot;:&quot;&quot;,&quot;id&quot;:&quot;&quot;,&quot;size&quot;:&quot;&quot;},&quot;wdt_bg_image_mobile&quot;:{&quot;url&quot;:&quot;&quot;,&quot;id&quot;:&quot;&quot;,&quot;size&quot;:&quot;&quot;},&quot;wdt_bg_position&quot;:&quot;center center&quot;,&quot;wdt_animation_effect&quot;:&quot;none&quot;}\">\n\t\t\t\t\t\t<div class=\"elementor-container elementor-column-gap-no\">\n\t\t\t\t\t<div class=\"elementor-column elementor-col-100 elementor-top-column elementor-element elementor-element-d5e4bb4\" data-id=\"d5e4bb4\" data-element_type=\"column\" data-e-type=\"column\">\n\t\t\t<div class=\"elementor-widget-wrap elementor-element-populated\">\n\t\t\t\t\t\t<section class=\"elementor-section elementor-inner-section elementor-element elementor-element-74116f6 elementor-section-full_width elementor-section-height-default elementor-section-height-default\" data-id=\"74116f6\" data-element_type=\"section\" data-e-type=\"section\" data-settings=\"{&quot;wdt_bg_image&quot;:{&quot;url&quot;:&quot;&quot;,&quot;id&quot;:&quot;&quot;,&quot;size&quot;:&quot;&quot;},&quot;wdt_bg_image_widescreen&quot;:{&quot;url&quot;:&quot;&quot;,&quot;id&quot;:&quot;&quot;,&quot;size&quot;:&quot;&quot;},&quot;wdt_bg_image_laptop&quot;:{&quot;url&quot;:&quot;&quot;,&quot;id&quot;:&quot;&quot;,&quot;size&quot;:&quot;&quot;},&quot;wdt_bg_image_tablet_extra&quot;:{&quot;url&quot;:&quot;&quot;,&quot;id&quot;:&quot;&quot;,&quot;size&quot;:&quot;&quot;},&quot;wdt_bg_image_tablet&quot;:{&quot;url&quot;:&quot;&quot;,&quot;id&quot;:&quot;&quot;,&quot;size&quot;:&quot;&quot;},&quot;wdt_bg_image_mobile_extra&quot;:{&quot;url&quot;:&quot;&quot;,&quot;id&quot;:&quot;&quot;,&quot;size&quot;:&quot;&quot;},&quot;wdt_bg_image_mobile&quot;:{&quot;url&quot;:&quot;&quot;,&quot;id&quot;:&quot;&quot;,&quot;size&quot;:&quot;&quot;},&quot;wdt_bg_position&quot;:&quot;center center&quot;,&quot;wdt_animation_effect&quot;:&quot;none&quot;}\">\n\t\t\t\t\t\t<div class=\"elementor-container elementor-column-gap-no\">\n\t\t\t\t\t<div class=\"elementor-column elementor-col-100 elementor-inner-column elementor-element elementor-element-4188403\" data-id=\"4188403\" data-element_type=\"column\" data-e-type=\"column\">\n\t\t\t<div class=\"elementor-widget-wrap elementor-element-populated\">\n\t\t\t\t\t\t<div class=\"elementor-element elementor-element-080d4ff elementor-widget elementor-widget-image\" data-id=\"080d4ff\" data-element_type=\"widget\" data-e-type=\"widget\" data-settings=\"{&quot;wdt_animation_effect&quot;:&quot;none&quot;}\" data-widget_type=\"image.default\">\n\t\t\t\t<div class=\"elementor-widget-container\">\n\t\t\t\t\t\t\t\t\t\t\t\t\t\t\t<img fetchpriority=\"high\" decoding=\"async\" width=\"744\" height=\"938\" src=\"https:\/\/lalambeauty.com.mx\/wp-content\/uploads\/2025\/01\/HYDRAFACIAL_sq.jpg\" class=\"attachment-full size-full wp-image-2341\" alt=\"\" srcset=\"https:\/\/lalambeauty.com.mx\/wp-content\/uploads\/2025\/01\/HYDRAFACIAL_sq.jpg 744w, https:\/\/lalambeauty.com.mx\/wp-content\/uploads\/2025\/01\/HYDRAFACIAL_sq-238x300.jpg 238w\" sizes=\"(max-width: 744px) 100vw, 744px\" \/>\t\t\t\t\t\t\t\t\t\t\t\t\t\t\t<\/div>\n\t\t\t\t<\/div>\n\t\t\t\t<div class=\"elementor-element elementor-element-a3f474a start elementor-widget elementor-widget-wdt-heading\" data-id=\"a3f474a\" data-element_type=\"widget\" data-e-type=\"widget\" data-settings=\"{&quot;wdt_animation_effect&quot;:&quot;none&quot;}\" data-widget_type=\"wdt-heading.default\">\n\t\t\t\t<div class=\"elementor-widget-container\">\n\t\t\t\t\t<div class=\"wdt-heading-holder \" id=\"wdt-heading-a3f474a\"><h4 class=\"wdt-heading-title-wrapper wdt-heading-align-center wdt-heading-deco-wrapper\"><span class=\"wdt-heading-title\">EL HYDRAFACIAL ES UN TRATAMIENTO AVANZADO DE LIMPIEZA Y REJUVENECIMIENTO QUE COMBINA EXFOLIACI\u00d3N, EXTRACCI\u00d3N Y NUTRICI\u00d3N EN UN SOLO PROCEDIMIENTO, DEJANDO LA PIEL FRESCA Y RADIANTE.<\/span><\/h4><div class=\"wdt-heading-content-wrapper\">Beneficios: <\/br>\n\u2022\u2060  \u2060Limpia profundamente eliminando impurezas y c\u00e9lulas muertas.<\/br>\n\u2022\u2060  \u2060Hidrata la piel con s\u00e9rums personalizados.<\/br>\n\u2022\u2060  \u2060Reduce la apariencia de poros, l\u00edneas finas y arrugas.<\/br>\n\u2022\u2060  \u2060Mejora el tono y la textura de la piel.<\/br>\n\u2022\u2060  \u2060Proporciona un brillo saludable al instante.\n<\/div><\/div>\t\t\t\t<\/div>\n\t\t\t\t<\/div>\n\t\t\t\t<div class=\"elementor-element elementor-element-1b78af8 start elementor-widget elementor-widget-wdt-heading\" data-id=\"1b78af8\" data-element_type=\"widget\" data-e-type=\"widget\" data-settings=\"{&quot;wdt_animation_effect&quot;:&quot;none&quot;}\" data-widget_type=\"wdt-heading.default\">\n\t\t\t\t<div class=\"elementor-widget-container\">\n\t\t\t\t\t<div class=\"wdt-heading-holder \" id=\"wdt-heading-1b78af8\"><h4 class=\"wdt-heading-title-wrapper wdt-heading-align-center wdt-heading-deco-wrapper\"><span class=\"wdt-heading-title\">Ideal para todo tipo de piel y perfecto para lucir espectacular en cualquier ocasi\u00f3n.<\/span><\/h4><\/div>\t\t\t\t<\/div>\n\t\t\t\t<\/div>\n\t\t\t\t\t<\/div>\n\t\t<\/div>\n\t\t\t\t\t<\/div>\n\t\t<\/section>\n\t\t\t\t\t<\/div>\n\t\t<\/div>\n\t\t\t\t\t<\/div>\n\t\t<\/section>\n\t\t\t\t<section class=\"elementor-section elementor-top-section elementor-element elementor-element-5b61701 elementor-section-boxed elementor-section-height-default elementor-section-height-default\" data-id=\"5b61701\" data-element_type=\"section\" data-e-type=\"section\" data-settings=\"{&quot;background_background&quot;:&quot;classic&quot;,&quot;wdt_bg_image&quot;:{&quot;url&quot;:&quot;&quot;,&quot;id&quot;:&quot;&quot;,&quot;size&quot;:&quot;&quot;},&quot;wdt_bg_image_widescreen&quot;:{&quot;url&quot;:&quot;&quot;,&quot;id&quot;:&quot;&quot;,&quot;size&quot;:&quot;&quot;},&quot;wdt_bg_image_laptop&quot;:{&quot;url&quot;:&quot;&quot;,&quot;id&quot;:&quot;&quot;,&quot;size&quot;:&quot;&quot;},&quot;wdt_bg_image_tablet_extra&quot;:{&quot;url&quot;:&quot;&quot;,&quot;id&quot;:&quot;&quot;,&quot;size&quot;:&quot;&quot;},&quot;wdt_bg_image_tablet&quot;:{&quot;url&quot;:&quot;&quot;,&quot;id&quot;:&quot;&quot;,&quot;size&quot;:&quot;&quot;},&quot;wdt_bg_image_mobile_extra&quot;:{&quot;url&quot;:&quot;&quot;,&quot;id&quot;:&quot;&quot;,&quot;size&quot;:&quot;&quot;},&quot;wdt_bg_image_mobile&quot;:{&quot;url&quot;:&quot;&quot;,&quot;id&quot;:&quot;&quot;,&quot;size&quot;:&quot;&quot;},&quot;wdt_bg_position&quot;:&quot;center center&quot;,&quot;wdt_animation_effect&quot;:&quot;none&quot;}\">\n\t\t\t\t\t\t<div class=\"elementor-container elementor-column-gap-default\">\n\t\t\t\t\t<div class=\"elementor-column elementor-col-100 elementor-top-column elementor-element elementor-element-e69065d\" data-id=\"e69065d\" data-element_type=\"column\" data-e-type=\"column\">\n\t\t\t<div class=\"elementor-widget-wrap elementor-element-populated\">\n\t\t\t\t\t\t<div class=\"elementor-element elementor-element-54a17fb elementor-widget elementor-widget-text-editor\" data-id=\"54a17fb\" data-element_type=\"widget\" data-e-type=\"widget\" data-settings=\"{&quot;wdt_animation_effect&quot;:&quot;none&quot;}\" data-widget_type=\"text-editor.default\">\n\t\t\t\t<div class=\"elementor-widget-container\">\n\t\t\t\t\t\t\t\t\t<h3 class=\"wdt-heading-title-wrapper wdt-heading-align-center wdt-heading-deco-wrapper\"><span class=\"wdt-heading-title\">Ac\u00e9rcate a nosotros<\/span><\/h3>\n<div class=\"wdt-heading-content-wrapper\">Escr\u00edbenos tus dudas y con gusto alguno de nuestros asesores te contactar\u00e1 lo m\u00e1s pronto posible.<\/div>\t\t\t\t\t\t\t\t<\/div>\n\t\t\t\t<\/div>\n\t\t\t\t<div class=\"elementor-element elementor-element-a9c4885 center elementor-widget elementor-widget-wdt-button\" data-id=\"a9c4885\" data-element_type=\"widget\" data-e-type=\"widget\" data-settings=\"{&quot;wdt_animation_effect&quot;:&quot;none&quot;}\" data-widget_type=\"wdt-button.default\">\n\t\t\t\t<div class=\"elementor-widget-container\">\n\t\t\t\t\t<div class=\"wdt-button-holder wdt-template-filled wdt-button-link wdt-button-style-underline wdt-button-size-sm wdt-animation- wdt-button-icon-after\" id=\"wdt-button-a9c4885\"><a class=\"wdt-button\" href=\"https:\/\/lalambeauty.com.mx\/contacto\"><div class=\"wdt-button-text\"><span>CONTACTO<\/span><\/div><div class=\"wdt-button-icon\"><span><i aria-hidden=\"true\" class=\"far fa-paper-plane\"><\/i><\/span><\/div><\/a><\/div>\t\t\t\t<\/div>\n\t\t\t\t<\/div>\n\t\t\t\t\t<\/div>\n\t\t<\/div>\n\t\t\t\t\t<\/div>\n\t\t<\/section>\n\t\t\t\t<\/div>\n\t\t","protected":false},"excerpt":{"rendered":"<p>EL HYDRAFACIAL ES UN TRATAMIENTO AVANZADO DE LIMPIEZA Y REJUVENECIMIENTO QUE COMBINA EXFOLIACI\u00d3N, EXTRACCI\u00d3N Y NUTRICI\u00d3N EN UN SOLO PROCEDIMIENTO, DEJANDO LA PIEL FRESCA Y RADIANTE. Beneficios: \u2022\u2060 \u2060Limpia profundamente eliminando impurezas y c\u00e9lulas muertas. \u2022\u2060 \u2060Hidrata la piel con s\u00e9rums personalizados. \u2022\u2060 \u2060Reduce la apariencia de poros, l\u00edneas finas y arrugas. \u2022\u2060 \u2060Mejora el [&hellip;]<\/p>\n","protected":false},"author":2,"featured_media":0,"parent":651,"menu_order":0,"comment_status":"closed","ping_status":"closed","template":"tpl-side-nav.php","meta":{"_coblocks_attr":"","_coblocks_dimensions":"","_coblocks_responsive_height":"","_coblocks_accordion_ie_support":"","footnotes":""},"class_list":["post-2321","page","type-page","status-publish","hentry"],"aioseo_notices":[],"_links":{"self":[{"href":"https:\/\/lalambeauty.com.mx\/index.php?rest_route=\/wp\/v2\/pages\/2321","targetHints":{"allow":["GET"]}}],"collection":[{"href":"https:\/\/lalambeauty.com.mx\/index.php?rest_route=\/wp\/v2\/pages"}],"about":[{"href":"https:\/\/lalambeauty.com.mx\/index.php?rest_route=\/wp\/v2\/types\/page"}],"author":[{"embeddable":true,"href":"https:\/\/lalambeauty.com.mx\/index.php?rest_route=\/wp\/v2\/users\/2"}],"replies":[{"embeddable":true,"href":"https:\/\/lalambeauty.com.mx\/index.php?rest_route=%2Fwp%2Fv2%2Fcomments&post=2321"}],"version-history":[{"count":0,"href":"https:\/\/lalambeauty.com.mx\/index.php?rest_route=\/wp\/v2\/pages\/2321\/revisions"}],"up":[{"embeddable":true,"href":"https:\/\/lalambeauty.com.mx\/index.php?rest_route=\/wp\/v2\/pages\/651"}],"wp:attachment":[{"href":"https:\/\/lalambeauty.com.mx\/index.php?rest_route=%2Fwp%2Fv2%2Fmedia&parent=2321"}],"curies":[{"name":"wp","href":"https:\/\/api.w.org\/{rel}","templated":true}]}}